{"id":4659,"date":"2025-07-21T15:22:19","date_gmt":"2025-07-21T12:22:19","guid":{"rendered":"https:\/\/hilalelektronikk.com\/?post_type=product&#038;p=4659"},"modified":"2025-07-27T14:02:58","modified_gmt":"2025-07-27T11:02:58","slug":"samsung-hoparlorsamsung-ue40f6340-hoparlorue40f6340-hoparlor","status":"publish","type":"product","link":"https:\/\/hilalelektronikk.com\/?product=samsung-hoparlorsamsung-ue40f6340-hoparlorue40f6340-hoparlor","title":{"rendered":"SAMSUNG HOPARL\u00d6R,SAMSUNG UE40F6340 HOPARL\u00d6R,UE40F6340 HOPARL\u00d6R,SAMSUNG UE42F5070SS HOPARL\u00d6R,UE42F5070 HOPARL\u00d6R,UE42F5070SS,UE42F5070,SAMSUNG UE42F5070"},"content":{"rendered":"<h3><span style=\"color: #ff0000;\">SAMSUNG HOPARL\u00d6R,SAMSUNG UE40F6340 HOPARL\u00d6R,UE40F6340 HOPARL\u00d6R,SAMSUNG UE42F5070SS HOPARL\u00d6R,UE42F5070 HOPARL\u00d6R,UE42F5070SS,UE42F5070,SAMSUNG UE42F5070, <\/span>NOT: TAKIM F\u0130YATIDIR<\/h3>\n","protected":false},"excerpt":{"rendered":"<p>SAMSUNG HOPARL\u00d6R,SAMSUNG UE40F6340 HOPARL\u00d6R,UE40F6340 HOPARL\u00d6R,SAMSUNG UE42F5070SS HOPARL\u00d6R,UE42F5070 HOPARL\u00d6R,UE42F5070SS,UE42F5070,SAMSUNG UE42F5070, NOT: TAKIM F\u0130YATIDIR<\/p>\n","protected":false},"featured_media":4660,"template":"","meta":[],"product_brand":[7555],"product_cat":[1915],"product_tag":[1919,8309,8297,8313,8310,8316,8314,8315],"class_list":{"0":"post-4659","1":"product","2":"type-product","3":"status-publish","4":"has-post-thumbnail","6":"product_brand-samsung","7":"product_cat-hoparlor","8":"product_tag-samsung-hoparlor","9":"product_tag-samsung-ue40f6340-hoparlor","10":"product_tag-samsung-ue42f5070","11":"product_tag-samsung-ue42f5070ss-hoparlor","12":"product_tag-ue40f6340-hoparlor","13":"product_tag-ue42f5070","14":"product_tag-ue42f5070-hoparlor","15":"product_tag-ue42f5070ss","17":"first","18":"instock","19":"shipping-taxable","20":"purchasable","21":"product-type-simple"},"_links":{"self":[{"href":"https:\/\/hilalelektronikk.com\/index.php?rest_route=\/wp\/v2\/product\/4659","targetHints":{"allow":["GET"]}}],"collection":[{"href":"https:\/\/hilalelektronikk.com\/index.php?rest_route=\/wp\/v2\/product"}],"about":[{"href":"https:\/\/hilalelektronikk.com\/index.php?rest_route=\/wp\/v2\/types\/product"}],"wp:featuredmedia":[{"embeddable":true,"href":"https:\/\/hilalelektronikk.com\/index.php?rest_route=\/wp\/v2\/media\/4660"}],"wp:attachment":[{"href":"https:\/\/hilalelektronikk.com\/index.php?rest_route=%2Fwp%2Fv2%2Fmedia&parent=4659"}],"wp:term":[{"taxonomy":"product_brand","embeddable":true,"href":"https:\/\/hilalelektronikk.com\/index.php?rest_route=%2Fwp%2Fv2%2Fproduct_brand&post=4659"},{"taxonomy":"product_cat","embeddable":true,"href":"https:\/\/hilalelektronikk.com\/index.php?rest_route=%2Fwp%2Fv2%2Fproduct_cat&post=4659"},{"taxonomy":"product_tag","embeddable":true,"href":"https:\/\/hilalelektronikk.com\/index.php?rest_route=%2Fwp%2Fv2%2Fproduct_tag&post=4659"}],"curies":[{"name":"wp","href":"https:\/\/api.w.org\/{rel}","templated":true}]}}