{"id":4819,"date":"2025-09-13T12:22:55","date_gmt":"2025-09-13T09:22:55","guid":{"rendered":"https:\/\/hilalelektronikk.com\/?post_type=product&#038;p=4819"},"modified":"2025-10-15T14:52:56","modified_gmt":"2025-10-15T11:52:56","slug":"lg-adaptor-lg-19v-adaptor-eay62768621hg9sd6276866219695-1-1","status":"publish","type":"product","link":"https:\/\/hilalelektronikk.com\/?product=lg-adaptor-lg-19v-adaptor-eay62768621hg9sd6276866219695-1-1","title":{"rendered":"LG ADAPT\u00d6R, LG 19V ADAPT\u00d6R, EAY62768621,HG9SD6276866219695 (1.1)"},"content":{"rendered":"<h3><span style=\"color: #ff6600;\">LG ADAPT\u00d6R, LG 19V ADAPT\u00d6R, EAY62768621,HG9SD6276866219695 (1.1),<\/span><\/h3>\n<p><strong>NOT:\u00a0 \u00dcR\u00dcN \u0130K\u0130NC\u0130 EL TEM\u0130Z SA\u011eLAMDIR<\/strong><\/p>\n","protected":false},"excerpt":{"rendered":"<p>LG ADAPT\u00d6R, LG 19V ADAPT\u00d6R, EAY62768621,HG9SD6276866219695 (1.1), NOT:\u00a0 \u00dcR\u00dcN \u0130K\u0130NC\u0130 EL TEM\u0130Z SA\u011eLAMDIR<\/p>\n","protected":false},"featured_media":4820,"template":"","meta":[],"product_brand":[7587],"product_cat":[5032],"product_tag":[8630,8631,8629,8628],"class_list":{"0":"post-4819","1":"product","2":"type-product","3":"status-publish","4":"has-post-thumbnail","6":"product_brand-lg","7":"product_cat-karisik-malzemeler","8":"product_tag-eay62768621","9":"product_tag-hg9sd6276866219695-1-1","10":"product_tag-lg-19v-adaptor","11":"product_tag-lg-adaptor","13":"first","14":"instock","15":"shipping-taxable","16":"purchasable","17":"product-type-simple"},"_links":{"self":[{"href":"https:\/\/hilalelektronikk.com\/index.php?rest_route=\/wp\/v2\/product\/4819","targetHints":{"allow":["GET"]}}],"collection":[{"href":"https:\/\/hilalelektronikk.com\/index.php?rest_route=\/wp\/v2\/product"}],"about":[{"href":"https:\/\/hilalelektronikk.com\/index.php?rest_route=\/wp\/v2\/types\/product"}],"wp:featuredmedia":[{"embeddable":true,"href":"https:\/\/hilalelektronikk.com\/index.php?rest_route=\/wp\/v2\/media\/4820"}],"wp:attachment":[{"href":"https:\/\/hilalelektronikk.com\/index.php?rest_route=%2Fwp%2Fv2%2Fmedia&parent=4819"}],"wp:term":[{"taxonomy":"product_brand","embeddable":true,"href":"https:\/\/hilalelektronikk.com\/index.php?rest_route=%2Fwp%2Fv2%2Fproduct_brand&post=4819"},{"taxonomy":"product_cat","embeddable":true,"href":"https:\/\/hilalelektronikk.com\/index.php?rest_route=%2Fwp%2Fv2%2Fproduct_cat&post=4819"},{"taxonomy":"product_tag","embeddable":true,"href":"https:\/\/hilalelektronikk.com\/index.php?rest_route=%2Fwp%2Fv2%2Fproduct_tag&post=4819"}],"curies":[{"name":"wp","href":"https:\/\/api.w.org\/{rel}","templated":true}]}}