{"id":4907,"date":"2025-10-31T16:47:32","date_gmt":"2025-10-31T13:47:32","guid":{"rendered":"https:\/\/hilalelektronikk.com\/?post_type=product&#038;p=4907"},"modified":"2025-10-31T16:47:32","modified_gmt":"2025-10-31T13:47:32","slug":"lg-47ld751-hoparlor-lg-hoparlor-lg-47ld751-hoparlor-lg-47ld751","status":"publish","type":"product","link":"https:\/\/hilalelektronikk.com\/?product=lg-47ld751-hoparlor-lg-hoparlor-lg-47ld751-hoparlor-lg-47ld751","title":{"rendered":"LG 47LD751 HOPARL\u00d6R, LG HOPARL\u00d6R, LG 47LD751 HOPARL\u00d6R, LG 47LD751"},"content":{"rendered":"<h3><span style=\"color: #ff0000;\">LG 47LD751 HOPARL\u00d6R, LG HOPARL\u00d6R, LG 47LD751 HOPARL\u00d6R, LG 47LD751<\/span><\/h3>\n","protected":false},"excerpt":{"rendered":"<p>LG 47LD751 HOPARL\u00d6R, LG HOPARL\u00d6R, LG 47LD751 HOPARL\u00d6R, LG 47LD751<\/p>\n","protected":false},"featured_media":4908,"template":"","meta":[],"product_brand":[7587],"product_cat":[31],"product_tag":[8785,1583,8756,8783,5815,8784],"class_list":{"0":"post-4907","1":"product","2":"type-product","3":"status-publish","4":"has-post-thumbnail","6":"product_brand-lg","7":"product_cat-lg","8":"product_tag-47ld751-hoparlor","9":"product_tag-lg","10":"product_tag-lg-47ld751","11":"product_tag-lg-47ld751-hoparlor","12":"product_tag-lg-hoparlor","13":"product_tag-lg47ld751-hoparlor","15":"first","16":"instock","17":"shipping-taxable","18":"purchasable","19":"product-type-simple"},"_links":{"self":[{"href":"https:\/\/hilalelektronikk.com\/index.php?rest_route=\/wp\/v2\/product\/4907","targetHints":{"allow":["GET"]}}],"collection":[{"href":"https:\/\/hilalelektronikk.com\/index.php?rest_route=\/wp\/v2\/product"}],"about":[{"href":"https:\/\/hilalelektronikk.com\/index.php?rest_route=\/wp\/v2\/types\/product"}],"wp:featuredmedia":[{"embeddable":true,"href":"https:\/\/hilalelektronikk.com\/index.php?rest_route=\/wp\/v2\/media\/4908"}],"wp:attachment":[{"href":"https:\/\/hilalelektronikk.com\/index.php?rest_route=%2Fwp%2Fv2%2Fmedia&parent=4907"}],"wp:term":[{"taxonomy":"product_brand","embeddable":true,"href":"https:\/\/hilalelektronikk.com\/index.php?rest_route=%2Fwp%2Fv2%2Fproduct_brand&post=4907"},{"taxonomy":"product_cat","embeddable":true,"href":"https:\/\/hilalelektronikk.com\/index.php?rest_route=%2Fwp%2Fv2%2Fproduct_cat&post=4907"},{"taxonomy":"product_tag","embeddable":true,"href":"https:\/\/hilalelektronikk.com\/index.php?rest_route=%2Fwp%2Fv2%2Fproduct_tag&post=4907"}],"curies":[{"name":"wp","href":"https:\/\/api.w.org\/{rel}","templated":true}]}}