{"id":536,"date":"2020-01-20T13:13:52","date_gmt":"2020-01-20T10:13:52","guid":{"rendered":"http:\/\/hilalelektronikk.com\/?post_type=product&#038;p=536"},"modified":"2025-09-13T09:15:38","modified_gmt":"2025-09-13T06:15:38","slug":"philips-dvd-player-rc-5340-orjinal-kumanda","status":"publish","type":"product","link":"https:\/\/hilalelektronikk.com\/?product=philips-dvd-player-rc-5340-orjinal-kumanda","title":{"rendered":"PH\u0130L\u0130PS DVD PLAYER RC-5340 ORJ\u0130NAL KUMANDA"},"content":{"rendered":"","protected":false},"excerpt":{"rendered":"","protected":false},"featured_media":537,"template":"","meta":[],"product_brand":[],"product_cat":[389],"product_tag":[403,419],"class_list":{"0":"post-536","1":"product","2":"type-product","3":"status-publish","4":"has-post-thumbnail","6":"product_cat-kumandalar","7":"product_tag-philips-dvd-kumanda","8":"product_tag-rc-5340","10":"first","11":"outofstock","12":"shipping-taxable","13":"purchasable","14":"product-type-simple"},"_links":{"self":[{"href":"https:\/\/hilalelektronikk.com\/index.php?rest_route=\/wp\/v2\/product\/536","targetHints":{"allow":["GET"]}}],"collection":[{"href":"https:\/\/hilalelektronikk.com\/index.php?rest_route=\/wp\/v2\/product"}],"about":[{"href":"https:\/\/hilalelektronikk.com\/index.php?rest_route=\/wp\/v2\/types\/product"}],"wp:featuredmedia":[{"embeddable":true,"href":"https:\/\/hilalelektronikk.com\/index.php?rest_route=\/wp\/v2\/media\/537"}],"wp:attachment":[{"href":"https:\/\/hilalelektronikk.com\/index.php?rest_route=%2Fwp%2Fv2%2Fmedia&parent=536"}],"wp:term":[{"taxonomy":"product_brand","embeddable":true,"href":"https:\/\/hilalelektronikk.com\/index.php?rest_route=%2Fwp%2Fv2%2Fproduct_brand&post=536"},{"taxonomy":"product_cat","embeddable":true,"href":"https:\/\/hilalelektronikk.com\/index.php?rest_route=%2Fwp%2Fv2%2Fproduct_cat&post=536"},{"taxonomy":"product_tag","embeddable":true,"href":"https:\/\/hilalelektronikk.com\/index.php?rest_route=%2Fwp%2Fv2%2Fproduct_tag&post=536"}],"curies":[{"name":"wp","href":"https:\/\/api.w.org\/{rel}","templated":true}]}}