{"id":578,"date":"2020-01-23T17:31:14","date_gmt":"2020-01-23T14:31:14","guid":{"rendered":"http:\/\/hilalelektronikk.com\/?post_type=product&#038;p=578"},"modified":"2024-07-17T18:22:44","modified_gmt":"2024-07-17T15:22:44","slug":"philips-42-plazma-3139-123-6141-1-wk523-4","status":"publish","type":"product","link":"https:\/\/hilalelektronikk.com\/?product=philips-42-plazma-3139-123-6141-1-wk523-4","title":{"rendered":"PH\u0130L\u0130PS 42&#8242; PLAZMA, 3139 123 6141 1 WK523.4,3139 123 6141.1 WK523.4 , 310433701191"},"content":{"rendered":"<h3>PH\u0130L\u0130PS 42&#8242; PLAZMA, 3139 123 6141 1 WK523.4,3139 123 6141.1 WK523.4 , 310433701191<\/h3>\n","protected":false},"excerpt":{"rendered":"<p>PH\u0130L\u0130PS 42&#8242; PLAZMA, 3139 123 6141 1 WK523.4,3139 123 6141.1 WK523.4 , 310433701191<\/p>\n","protected":false},"featured_media":579,"template":"","meta":[],"product_brand":[],"product_cat":[121],"product_tag":[2694,456,2693],"class_list":{"0":"post-578","1":"product","2":"type-product","3":"status-publish","4":"has-post-thumbnail","6":"product_cat-philips-main-board","7":"product_tag-2694","8":"product_tag-3139-123-6141-1-wk523-4","9":"product_tag-philips-42-plazma","11":"first","12":"outofstock","13":"shipping-taxable","14":"purchasable","15":"product-type-simple"},"_links":{"self":[{"href":"https:\/\/hilalelektronikk.com\/index.php?rest_route=\/wp\/v2\/product\/578","targetHints":{"allow":["GET"]}}],"collection":[{"href":"https:\/\/hilalelektronikk.com\/index.php?rest_route=\/wp\/v2\/product"}],"about":[{"href":"https:\/\/hilalelektronikk.com\/index.php?rest_route=\/wp\/v2\/types\/product"}],"wp:featuredmedia":[{"embeddable":true,"href":"https:\/\/hilalelektronikk.com\/index.php?rest_route=\/wp\/v2\/media\/579"}],"wp:attachment":[{"href":"https:\/\/hilalelektronikk.com\/index.php?rest_route=%2Fwp%2Fv2%2Fmedia&parent=578"}],"wp:term":[{"taxonomy":"product_brand","embeddable":true,"href":"https:\/\/hilalelektronikk.com\/index.php?rest_route=%2Fwp%2Fv2%2Fproduct_brand&post=578"},{"taxonomy":"product_cat","embeddable":true,"href":"https:\/\/hilalelektronikk.com\/index.php?rest_route=%2Fwp%2Fv2%2Fproduct_cat&post=578"},{"taxonomy":"product_tag","embeddable":true,"href":"https:\/\/hilalelektronikk.com\/index.php?rest_route=%2Fwp%2Fv2%2Fproduct_tag&post=578"}],"curies":[{"name":"wp","href":"https:\/\/api.w.org\/{rel}","templated":true}]}}