{"id":592,"date":"2020-01-23T20:49:54","date_gmt":"2020-01-23T17:49:54","guid":{"rendered":"http:\/\/hilalelektronikk.com\/?post_type=product&#038;p=592"},"modified":"2023-07-31T17:12:00","modified_gmt":"2023-07-31T14:12:00","slug":"sunny-arcelik-42-6632l-0604a-lc420wun","status":"publish","type":"product","link":"https:\/\/hilalelektronikk.com\/?product=sunny-arcelik-42-6632l-0604a-lc420wun","title":{"rendered":"3PEGC20004A-R, SUNNY, AR\u00c7EL\u0130K, VESTEL, 42&#8242;, 6632L-0604A, LC420WUN,6632L-0604A, 3PEGC20004A-R, VESTEL 42 925-42 FHD, LG D\u0130SPLAY, \u0130nverter Board, LC420WUN-SCB1"},"content":{"rendered":"<h5>SUNNY, AR\u00c7EL\u0130K, VESTEL 42&#8242;, 6632L-0604A, LC420WUN,<\/h5>\n<h5>3PEGC20004A-R,<\/h5>\n<h5 id=\"productName\" class=\"fl col-12\">6632L-0604A, 3PEGC20004A-R, VESTEL 42 925-42 FHD, LG D\u0130SPLAY, \u0130nverter Board, LC420WUN-SCB1<\/h5>\n","protected":false},"excerpt":{"rendered":"<p>SUNNY, AR\u00c7EL\u0130K, VESTEL 42&#8242;, 6632L-0604A, LC420WUN, 3PEGC20004A-R, 6632L-0604A, 3PEGC20004A-R, VESTEL 42 925-42 FHD, LG D\u0130SPLAY, \u0130nverter Board, LC420WUN-SCB1<\/p>\n","protected":false},"featured_media":593,"template":"","meta":[],"product_brand":[],"product_cat":[300],"product_tag":[1576,467,1638,468,3752,1731,3751],"class_list":{"0":"post-592","1":"product","2":"type-product","3":"status-publish","4":"has-post-thumbnail","6":"product_cat-inverter","7":"product_tag-3pegc20004a-r","8":"product_tag-6632l-0604a","9":"product_tag-inverter-board","10":"product_tag-lc420wun","11":"product_tag-lc420wun-scb1","12":"product_tag-lg-display","13":"product_tag-vestel-42-925-42-fhd","15":"first","16":"outofstock","17":"shipping-taxable","18":"purchasable","19":"product-type-simple"},"_links":{"self":[{"href":"https:\/\/hilalelektronikk.com\/index.php?rest_route=\/wp\/v2\/product\/592","targetHints":{"allow":["GET"]}}],"collection":[{"href":"https:\/\/hilalelektronikk.com\/index.php?rest_route=\/wp\/v2\/product"}],"about":[{"href":"https:\/\/hilalelektronikk.com\/index.php?rest_route=\/wp\/v2\/types\/product"}],"wp:featuredmedia":[{"embeddable":true,"href":"https:\/\/hilalelektronikk.com\/index.php?rest_route=\/wp\/v2\/media\/593"}],"wp:attachment":[{"href":"https:\/\/hilalelektronikk.com\/index.php?rest_route=%2Fwp%2Fv2%2Fmedia&parent=592"}],"wp:term":[{"taxonomy":"product_brand","embeddable":true,"href":"https:\/\/hilalelektronikk.com\/index.php?rest_route=%2Fwp%2Fv2%2Fproduct_brand&post=592"},{"taxonomy":"product_cat","embeddable":true,"href":"https:\/\/hilalelektronikk.com\/index.php?rest_route=%2Fwp%2Fv2%2Fproduct_cat&post=592"},{"taxonomy":"product_tag","embeddable":true,"href":"https:\/\/hilalelektronikk.com\/index.php?rest_route=%2Fwp%2Fv2%2Fproduct_tag&post=592"}],"curies":[{"name":"wp","href":"https:\/\/api.w.org\/{rel}","templated":true}]}}