{"id":599,"date":"2020-01-24T13:03:10","date_gmt":"2020-01-24T10:03:10","guid":{"rendered":"http:\/\/hilalelektronikk.com\/?post_type=product&#038;p=599"},"modified":"2022-10-21T14:06:21","modified_gmt":"2022-10-21T11:06:21","slug":"e206453-v225-3xx-sms-2-cc-518sw-e217670","status":"publish","type":"product","link":"https:\/\/hilalelektronikk.com\/?product=e206453-v225-3xx-sms-2-cc-518sw-e217670","title":{"rendered":"AR\u00c7EL\u0130K, LG\u0130 32&#8242;, E206453, V225-3XX, SMS-2 CC-518SW, E217670,4H+V2258.131\/A, V225-3XX, Ar\u00e7elik F82-504 B 3HD ECD, Inverter Board, T315XW02 V.2"},"content":{"rendered":"<h5>DS-1931T03014D , V225-3XX , 4H+V2258.041 \/C,<\/h5>\n<h5 id=\"productName\" class=\"fl col-12\">4H+V2258.041\/C, V225-3XX, E206453, GRUNDIG GR 32-113 3HD, AU Optronics, Inverter Board, T315XW02 VS<\/h5>\n","protected":false},"excerpt":{"rendered":"<p>DS-1931T03014D , V225-3XX , 4H+V2258.041 \/C, 4H+V2258.041\/C, V225-3XX, E206453, GRUNDIG GR 32-113 3HD, AU Optronics, Inverter Board, T315XW02 VS<\/p>\n","protected":false},"featured_media":600,"template":"","meta":[],"product_brand":[],"product_cat":[300],"product_tag":[3757,3760,3761,3234,3756,470,476,3758,1638,475,3762,3759,474],"class_list":{"0":"post-599","1":"product","2":"type-product","3":"status-publish","4":"has-post-thumbnail","6":"product_cat-inverter","7":"product_tag-4hv2258-041-c","8":"product_tag-4hv2258-131-a","9":"product_tag-arcelik-f82-504-b-3hd-ecd","10":"product_tag-au-optronics","11":"product_tag-ds-1931t03014d","12":"product_tag-e206453","13":"product_tag-e217670","14":"product_tag-grundig-gr-32-113-3hd","15":"product_tag-inverter-board","16":"product_tag-sms-2-cc-518sw","17":"product_tag-t315xw02-v-2","18":"product_tag-t315xw02-vs","19":"product_tag-v225-3xx","21":"first","22":"instock","23":"shipping-taxable","24":"purchasable","25":"product-type-simple"},"_links":{"self":[{"href":"https:\/\/hilalelektronikk.com\/index.php?rest_route=\/wp\/v2\/product\/599","targetHints":{"allow":["GET"]}}],"collection":[{"href":"https:\/\/hilalelektronikk.com\/index.php?rest_route=\/wp\/v2\/product"}],"about":[{"href":"https:\/\/hilalelektronikk.com\/index.php?rest_route=\/wp\/v2\/types\/product"}],"wp:featuredmedia":[{"embeddable":true,"href":"https:\/\/hilalelektronikk.com\/index.php?rest_route=\/wp\/v2\/media\/600"}],"wp:attachment":[{"href":"https:\/\/hilalelektronikk.com\/index.php?rest_route=%2Fwp%2Fv2%2Fmedia&parent=599"}],"wp:term":[{"taxonomy":"product_brand","embeddable":true,"href":"https:\/\/hilalelektronikk.com\/index.php?rest_route=%2Fwp%2Fv2%2Fproduct_brand&post=599"},{"taxonomy":"product_cat","embeddable":true,"href":"https:\/\/hilalelektronikk.com\/index.php?rest_route=%2Fwp%2Fv2%2Fproduct_cat&post=599"},{"taxonomy":"product_tag","embeddable":true,"href":"https:\/\/hilalelektronikk.com\/index.php?rest_route=%2Fwp%2Fv2%2Fproduct_tag&post=599"}],"curies":[{"name":"wp","href":"https:\/\/api.w.org\/{rel}","templated":true}]}}