{"id":709,"date":"2020-01-28T10:43:27","date_gmt":"2020-01-28T07:43:27","guid":{"rendered":"http:\/\/hilalelektronikk.com\/?post_type=product&#038;p=709"},"modified":"2023-01-12T11:41:34","modified_gmt":"2023-01-12T08:41:34","slug":"arcelik-32-lw7-190r-2","status":"publish","type":"product","link":"https:\/\/hilalelektronikk.com\/?product=arcelik-32-lw7-190r-2","title":{"rendered":"LW7.190R-2,AR\u00c7EL\u0130K-MAIN-BOARD-LW7.190R-2-P3T-9ZZ,MAIN,BOARD,AR\u00c7EL\u0130K 32&#8242;"},"content":{"rendered":"<h3>LW7.190R-2,AR\u00c7EL\u0130K-MAIN-BOARD-LW7.190R-2-P3T-9ZZ,MAIN,BOARD,AR\u00c7EL\u0130K 32&#8242;<\/h3>\n","protected":false},"excerpt":{"rendered":"<p>LW7.190R-2,AR\u00c7EL\u0130K-MAIN-BOARD-LW7.190R-2-P3T-9ZZ,MAIN,BOARD,AR\u00c7EL\u0130K 32&#8242;<\/p>\n","protected":false},"featured_media":710,"template":"","meta":[],"product_brand":[],"product_cat":[123],"product_tag":[805,2646,2004,573,2008],"class_list":{"0":"post-709","1":"product","2":"type-product","3":"status-publish","4":"has-post-thumbnail","6":"product_cat-arcelik-beko-main-board","7":"product_tag-arcelik-32","8":"product_tag-arcelik-main-board-lw7-190r-2-p3t-9zz","9":"product_tag-board","10":"product_tag-lw7-190r-2","11":"product_tag-main","13":"first","14":"instock","15":"shipping-taxable","16":"purchasable","17":"product-type-simple"},"_links":{"self":[{"href":"https:\/\/hilalelektronikk.com\/index.php?rest_route=\/wp\/v2\/product\/709","targetHints":{"allow":["GET"]}}],"collection":[{"href":"https:\/\/hilalelektronikk.com\/index.php?rest_route=\/wp\/v2\/product"}],"about":[{"href":"https:\/\/hilalelektronikk.com\/index.php?rest_route=\/wp\/v2\/types\/product"}],"wp:featuredmedia":[{"embeddable":true,"href":"https:\/\/hilalelektronikk.com\/index.php?rest_route=\/wp\/v2\/media\/710"}],"wp:attachment":[{"href":"https:\/\/hilalelektronikk.com\/index.php?rest_route=%2Fwp%2Fv2%2Fmedia&parent=709"}],"wp:term":[{"taxonomy":"product_brand","embeddable":true,"href":"https:\/\/hilalelektronikk.com\/index.php?rest_route=%2Fwp%2Fv2%2Fproduct_brand&post=709"},{"taxonomy":"product_cat","embeddable":true,"href":"https:\/\/hilalelektronikk.com\/index.php?rest_route=%2Fwp%2Fv2%2Fproduct_cat&post=709"},{"taxonomy":"product_tag","embeddable":true,"href":"https:\/\/hilalelektronikk.com\/index.php?rest_route=%2Fwp%2Fv2%2Fproduct_tag&post=709"}],"curies":[{"name":"wp","href":"https:\/\/api.w.org\/{rel}","templated":true}]}}