{"id":711,"date":"2020-01-28T10:47:56","date_gmt":"2020-01-28T07:47:56","guid":{"rendered":"http:\/\/hilalelektronikk.com\/?post_type=product&#038;p=711"},"modified":"2024-03-18T14:22:01","modified_gmt":"2024-03-18T11:22:01","slug":"arcelik-plazma-r82-190r-3-9z2-4zz","status":"publish","type":"product","link":"https:\/\/hilalelektronikk.com\/?product=arcelik-plazma-r82-190r-3-9z2-4zz","title":{"rendered":"AR\u00c7EL\u0130K PLAZMA, R82.190R-3, 9Z2 4ZZ"},"content":{"rendered":"<p>AR\u00c7EL\u0130K PLAZMA, R82.190R-3, 9Z2 4ZZ<\/p>\n","protected":false},"excerpt":{"rendered":"<p>AR\u00c7EL\u0130K PLAZMA, R82.190R-3, 9Z2 4ZZ<\/p>\n","protected":false},"featured_media":712,"template":"","meta":[],"product_brand":[],"product_cat":[123],"product_tag":[575,574],"class_list":{"0":"post-711","1":"product","2":"type-product","3":"status-publish","4":"has-post-thumbnail","6":"product_cat-arcelik-beko-main-board","7":"product_tag-9z2-4zz","8":"product_tag-r82-190r-3","10":"first","11":"outofstock","12":"shipping-taxable","13":"purchasable","14":"product-type-simple"},"_links":{"self":[{"href":"https:\/\/hilalelektronikk.com\/index.php?rest_route=\/wp\/v2\/product\/711","targetHints":{"allow":["GET"]}}],"collection":[{"href":"https:\/\/hilalelektronikk.com\/index.php?rest_route=\/wp\/v2\/product"}],"about":[{"href":"https:\/\/hilalelektronikk.com\/index.php?rest_route=\/wp\/v2\/types\/product"}],"wp:featuredmedia":[{"embeddable":true,"href":"https:\/\/hilalelektronikk.com\/index.php?rest_route=\/wp\/v2\/media\/712"}],"wp:attachment":[{"href":"https:\/\/hilalelektronikk.com\/index.php?rest_route=%2Fwp%2Fv2%2Fmedia&parent=711"}],"wp:term":[{"taxonomy":"product_brand","embeddable":true,"href":"https:\/\/hilalelektronikk.com\/index.php?rest_route=%2Fwp%2Fv2%2Fproduct_brand&post=711"},{"taxonomy":"product_cat","embeddable":true,"href":"https:\/\/hilalelektronikk.com\/index.php?rest_route=%2Fwp%2Fv2%2Fproduct_cat&post=711"},{"taxonomy":"product_tag","embeddable":true,"href":"https:\/\/hilalelektronikk.com\/index.php?rest_route=%2Fwp%2Fv2%2Fproduct_tag&post=711"}],"curies":[{"name":"wp","href":"https:\/\/api.w.org\/{rel}","templated":true}]}}