{"id":741,"date":"2020-01-28T18:34:17","date_gmt":"2020-01-28T15:34:17","guid":{"rendered":"http:\/\/hilalelektronikk.com\/?post_type=product&#038;p=741"},"modified":"2023-01-12T11:38:46","modified_gmt":"2023-01-12T08:38:46","slug":"arcelik-40-hw1-190r-3","status":"publish","type":"product","link":"https:\/\/hilalelektronikk.com\/?product=arcelik-40-hw1-190r-3","title":{"rendered":"HW1.190R-3,YW8 KZZ,PE 40W SS1,AR\u00c7EL\u0130K 40&#8242;"},"content":{"rendered":"<h3>HW1.190R-3,YW8 KZZ,PE 40W SS1,AR\u00c7EL\u0130K 40&#8242;<\/h3>\n","protected":false},"excerpt":{"rendered":"<p>HW1.190R-3,YW8 KZZ,PE 40W SS1,AR\u00c7EL\u0130K 40&#8242;<\/p>\n","protected":false},"featured_media":742,"template":"","meta":[],"product_brand":[],"product_cat":[123],"product_tag":[1612,601,2648,2647],"class_list":{"0":"post-741","1":"product","2":"type-product","3":"status-publish","4":"has-post-thumbnail","6":"product_cat-arcelik-beko-main-board","7":"product_tag-arcelik-40","8":"product_tag-hw1-190r-3","9":"product_tag-pe-40w-ss1","10":"product_tag-yw8-kzz","12":"first","13":"instock","14":"shipping-taxable","15":"purchasable","16":"product-type-simple"},"_links":{"self":[{"href":"https:\/\/hilalelektronikk.com\/index.php?rest_route=\/wp\/v2\/product\/741","targetHints":{"allow":["GET"]}}],"collection":[{"href":"https:\/\/hilalelektronikk.com\/index.php?rest_route=\/wp\/v2\/product"}],"about":[{"href":"https:\/\/hilalelektronikk.com\/index.php?rest_route=\/wp\/v2\/types\/product"}],"wp:featuredmedia":[{"embeddable":true,"href":"https:\/\/hilalelektronikk.com\/index.php?rest_route=\/wp\/v2\/media\/742"}],"wp:attachment":[{"href":"https:\/\/hilalelektronikk.com\/index.php?rest_route=%2Fwp%2Fv2%2Fmedia&parent=741"}],"wp:term":[{"taxonomy":"product_brand","embeddable":true,"href":"https:\/\/hilalelektronikk.com\/index.php?rest_route=%2Fwp%2Fv2%2Fproduct_brand&post=741"},{"taxonomy":"product_cat","embeddable":true,"href":"https:\/\/hilalelektronikk.com\/index.php?rest_route=%2Fwp%2Fv2%2Fproduct_cat&post=741"},{"taxonomy":"product_tag","embeddable":true,"href":"https:\/\/hilalelektronikk.com\/index.php?rest_route=%2Fwp%2Fv2%2Fproduct_tag&post=741"}],"curies":[{"name":"wp","href":"https:\/\/api.w.org\/{rel}","templated":true}]}}