{"id":747,"date":"2020-01-28T20:49:15","date_gmt":"2020-01-28T17:49:15","guid":{"rendered":"http:\/\/hilalelektronikk.com\/?post_type=product&#038;p=747"},"modified":"2022-12-03T12:24:21","modified_gmt":"2022-12-03T09:24:21","slug":"philips-3139-123-5838-2-wk420-2","status":"publish","type":"product","link":"https:\/\/hilalelektronikk.com\/?product=philips-3139-123-5838-2-wk420-2","title":{"rendered":"PH\u0130L\u0130PS , 3139 123 5838.2, WK420.2,31391235838.2 , 3139 123 5838.2 WK420.2 , Ma\u0131n Board, Philips 42PF9946\/12"},"content":{"rendered":"<h3>PH\u0130L\u0130PS , 3139 123 5838.2, WK420.2,31391235838.2 , 3139 123 5838.2 WK420.2 , Ma\u0131n Board, Philips 42PF9946\/12<\/h3>\n","protected":false},"excerpt":{"rendered":"<p>PH\u0130L\u0130PS , 3139 123 5838.2, WK420.2,31391235838.2 , 3139 123 5838.2 WK420.2 , Ma\u0131n Board, Philips 42PF9946\/12<\/p>\n","protected":false},"featured_media":748,"template":"","meta":[],"product_brand":[],"product_cat":[121],"product_tag":[606,2703,2702,1953,1950,2704,2701],"class_list":{"0":"post-747","1":"product","2":"type-product","3":"status-publish","4":"has-post-thumbnail","6":"product_cat-philips-main-board","7":"product_tag-3139-123-5838-2","8":"product_tag-3139-123-5838-2-wk420-2","9":"product_tag-31391235838-2","10":"product_tag-main-board","11":"product_tag-philips","12":"product_tag-philips-42pf9946-12","13":"product_tag-wk420-2","15":"first","16":"instock","17":"shipping-taxable","18":"purchasable","19":"product-type-simple"},"_links":{"self":[{"href":"https:\/\/hilalelektronikk.com\/index.php?rest_route=\/wp\/v2\/product\/747","targetHints":{"allow":["GET"]}}],"collection":[{"href":"https:\/\/hilalelektronikk.com\/index.php?rest_route=\/wp\/v2\/product"}],"about":[{"href":"https:\/\/hilalelektronikk.com\/index.php?rest_route=\/wp\/v2\/types\/product"}],"wp:featuredmedia":[{"embeddable":true,"href":"https:\/\/hilalelektronikk.com\/index.php?rest_route=\/wp\/v2\/media\/748"}],"wp:attachment":[{"href":"https:\/\/hilalelektronikk.com\/index.php?rest_route=%2Fwp%2Fv2%2Fmedia&parent=747"}],"wp:term":[{"taxonomy":"product_brand","embeddable":true,"href":"https:\/\/hilalelektronikk.com\/index.php?rest_route=%2Fwp%2Fv2%2Fproduct_brand&post=747"},{"taxonomy":"product_cat","embeddable":true,"href":"https:\/\/hilalelektronikk.com\/index.php?rest_route=%2Fwp%2Fv2%2Fproduct_cat&post=747"},{"taxonomy":"product_tag","embeddable":true,"href":"https:\/\/hilalelektronikk.com\/index.php?rest_route=%2Fwp%2Fv2%2Fproduct_tag&post=747"}],"curies":[{"name":"wp","href":"https:\/\/api.w.org\/{rel}","templated":true}]}}