{"id":791,"date":"2020-02-02T13:19:28","date_gmt":"2020-02-02T10:19:28","guid":{"rendered":"http:\/\/hilalelektronikk.com\/?post_type=product&#038;p=791"},"modified":"2024-06-18T18:47:27","modified_gmt":"2024-06-18T15:47:27","slug":"beko-dps-139dp","status":"publish","type":"product","link":"https:\/\/hilalelektronikk.com\/?product=beko-dps-139dp","title":{"rendered":"DPS-139DP,DPS-139DP, XTT910R, 2950293804, Ar\u00e7elik A40-LB-4329,POWER,Board, LTA400HM23,DPS-139DP XTT910R 2950293804 A40-LB 5333 AR\u00c7EL\u0130K BESLEME POWER BOARD,BEKO"},"content":{"rendered":"<h3>DPS-139DP,DPS-139DP, XTT910R, 2950293804, Ar\u00e7elik A40-LB-4329,POWER,Board, LTA400HM23,DPS-139DP XTT910R 2950293804 A40-LB 5333 AR\u00c7EL\u0130K BESLEME POWER BOARD,BEKO<\/h3>\n","protected":false},"excerpt":{"rendered":"<p>DPS-139DP,DPS-139DP, XTT910R, 2950293804, Ar\u00e7elik A40-LB-4329,POWER,Board, LTA400HM23,DPS-139DP XTT910R 2950293804 A40-LB 5333 AR\u00c7EL\u0130K BESLEME POWER BOARD,BEKO<\/p>\n","protected":false},"featured_media":792,"template":"","meta":[],"product_brand":[],"product_cat":[296],"product_tag":[2807,2808,2811,2814,2809,2810,1451,2609,2004,654,2815,2812,2813,1840,1331,2790,2766],"class_list":{"0":"post-791","1":"product","2":"type-product","3":"status-publish","4":"has-post-thumbnail","6":"product_cat-aecelik-beko-power-board","7":"product_tag-139dp-a","8":"product_tag-2808","9":"product_tag-a40-lb-5333","10":"product_tag-arcelik-a40-lb-4329","11":"product_tag-b40-lb-4320","12":"product_tag-b40-lb-5333","13":"product_tag-beko","14":"product_tag-besleme-karti","15":"product_tag-board","16":"product_tag-dps-139dp","17":"product_tag-dps-139dp-xtt910r","18":"product_tag-lta400hm23","19":"product_tag-lta400hn23","20":"product_tag-power","21":"product_tag-power-board","22":"product_tag-psu","23":"product_tag-xtt910r","25":"first","26":"instock","27":"shipping-taxable","28":"purchasable","29":"product-type-simple"},"_links":{"self":[{"href":"https:\/\/hilalelektronikk.com\/index.php?rest_route=\/wp\/v2\/product\/791","targetHints":{"allow":["GET"]}}],"collection":[{"href":"https:\/\/hilalelektronikk.com\/index.php?rest_route=\/wp\/v2\/product"}],"about":[{"href":"https:\/\/hilalelektronikk.com\/index.php?rest_route=\/wp\/v2\/types\/product"}],"wp:featuredmedia":[{"embeddable":true,"href":"https:\/\/hilalelektronikk.com\/index.php?rest_route=\/wp\/v2\/media\/792"}],"wp:attachment":[{"href":"https:\/\/hilalelektronikk.com\/index.php?rest_route=%2Fwp%2Fv2%2Fmedia&parent=791"}],"wp:term":[{"taxonomy":"product_brand","embeddable":true,"href":"https:\/\/hilalelektronikk.com\/index.php?rest_route=%2Fwp%2Fv2%2Fproduct_brand&post=791"},{"taxonomy":"product_cat","embeddable":true,"href":"https:\/\/hilalelektronikk.com\/index.php?rest_route=%2Fwp%2Fv2%2Fproduct_cat&post=791"},{"taxonomy":"product_tag","embeddable":true,"href":"https:\/\/hilalelektronikk.com\/index.php?rest_route=%2Fwp%2Fv2%2Fproduct_tag&post=791"}],"curies":[{"name":"wp","href":"https:\/\/api.w.org\/{rel}","templated":true}]}}