{"id":881,"date":"2020-02-14T20:44:25","date_gmt":"2020-02-14T17:44:25","guid":{"rendered":"http:\/\/hilalelektronikk.com\/?post_type=product&#038;p=881"},"modified":"2025-05-24T15:28:42","modified_gmt":"2025-05-24T12:28:42","slug":"sunny-19500-analog-tuner-dled-modul-siyah","status":"publish","type":"product","link":"https:\/\/hilalelektronikk.com\/?product=sunny-19500-analog-tuner-dled-modul-siyah","title":{"rendered":"SUNNY ANALOG TUNER DLED MOD\u00dcL S\u0130YAH,SN32DLD12AT022-TM,SUNNY 19500 ANALOG TUNER DLED MOD\u00dcL BEYAZ, SUNNY ABANT 12AT021 Ver : 0.2, 12AT021 MNL, SUNNY Uydu Al\u0131c\u0131 Mod\u00fcl,SN32DLD12AT022-SM"},"content":{"rendered":"<h3><span style=\"color: #ff0000;\">SUNNY ANALOG TUNER DLED MOD\u00dcL S\u0130YAH,SN32DLD12AT022-TM,<\/span><\/h3>\n<h3 id=\"productName\" class=\"fl col-12\"><span style=\"color: #ff0000;\">SUNNY 19500 ANALOG TUNER DLED MOD\u00dcL BEYAZ, SUNNY ABANT 12AT021 Ver : 0.2, 12AT021 MNL, SUNNY Uydu Al\u0131c\u0131 Mod\u00fcl<\/span><\/h3>\n","protected":false},"excerpt":{"rendered":"<p>SUNNY ANALOG TUNER DLED MOD\u00dcL S\u0130YAH,SN32DLD12AT022-TM, SUNNY 19500 ANALOG TUNER DLED MOD\u00dcL BEYAZ, SUNNY ABANT 12AT021 Ver : 0.2, 12AT021 MNL, SUNNY Uydu Al\u0131c\u0131 Mod\u00fcl<\/p>\n","protected":false},"featured_media":882,"template":"","meta":[],"product_brand":[],"product_cat":[724],"product_tag":[2475,732,7885,2472,1477,2473,731,2474,2476],"class_list":{"0":"post-881","1":"product","2":"type-product","3":"status-publish","4":"has-post-thumbnail","6":"product_cat-harici-moduller","7":"product_tag-12at021-mnl","8":"product_tag-732","9":"product_tag-sn32dld12at022-sm","10":"product_tag-sn32dld12at022-tm","11":"product_tag-sunny","12":"product_tag-sunny-19500-analog-tuner-dled-modul-beyaz","13":"product_tag-sunny-19500-analog-tuner-dled-modul-siyah","14":"product_tag-sunny-abant-12at021-ver-0-2","15":"product_tag-sunny-uydu-alici-modul","17":"first","18":"instock","19":"shipping-taxable","20":"purchasable","21":"product-type-simple"},"_links":{"self":[{"href":"https:\/\/hilalelektronikk.com\/index.php?rest_route=\/wp\/v2\/product\/881","targetHints":{"allow":["GET"]}}],"collection":[{"href":"https:\/\/hilalelektronikk.com\/index.php?rest_route=\/wp\/v2\/product"}],"about":[{"href":"https:\/\/hilalelektronikk.com\/index.php?rest_route=\/wp\/v2\/types\/product"}],"wp:featuredmedia":[{"embeddable":true,"href":"https:\/\/hilalelektronikk.com\/index.php?rest_route=\/wp\/v2\/media\/882"}],"wp:attachment":[{"href":"https:\/\/hilalelektronikk.com\/index.php?rest_route=%2Fwp%2Fv2%2Fmedia&parent=881"}],"wp:term":[{"taxonomy":"product_brand","embeddable":true,"href":"https:\/\/hilalelektronikk.com\/index.php?rest_route=%2Fwp%2Fv2%2Fproduct_brand&post=881"},{"taxonomy":"product_cat","embeddable":true,"href":"https:\/\/hilalelektronikk.com\/index.php?rest_route=%2Fwp%2Fv2%2Fproduct_cat&post=881"},{"taxonomy":"product_tag","embeddable":true,"href":"https:\/\/hilalelektronikk.com\/index.php?rest_route=%2Fwp%2Fv2%2Fproduct_tag&post=881"}],"curies":[{"name":"wp","href":"https:\/\/api.w.org\/{rel}","templated":true}]}}