{"id":893,"date":"2020-02-16T12:54:58","date_gmt":"2020-02-16T09:54:58","guid":{"rendered":"http:\/\/hilalelektronikk.com\/?post_type=product&#038;p=893"},"modified":"2022-01-06T17:05:10","modified_gmt":"2022-01-06T14:05:10","slug":"philips-40-gj-dledii-p5-400-d409-v4","status":"publish","type":"product","link":"https:\/\/hilalelektronikk.com\/?product=philips-40-gj-dledii-p5-400-d409-v4","title":{"rendered":"GJ-DLEDII P5-400-D409-V4,PH\u0130L\u0130PS 40&#8242;,40PFK4309 12,40PFK4509"},"content":{"rendered":"<p>TAKIM VER\u0130L\u0130R<\/p>\n<p>40PFK4309 12 MODEL,40PFK4509<\/p>\n","protected":false},"excerpt":{"rendered":"<p>TAKIM VER\u0130L\u0130R 40PFK4309 12 MODEL,40PFK4509<\/p>\n","protected":false},"featured_media":894,"template":"","meta":[],"product_brand":[],"product_cat":[733],"product_tag":[2064,2056,752,1446],"class_list":{"0":"post-893","1":"product","2":"type-product","3":"status-publish","4":"has-post-thumbnail","6":"product_cat-led-barlar","7":"product_tag-40pfk4309-12","8":"product_tag-40pfk4509","9":"product_tag-gj-dledii-p5-400-d409-v4","10":"product_tag-philips-40","12":"first","13":"instock","14":"shipping-taxable","15":"purchasable","16":"product-type-simple"},"_links":{"self":[{"href":"https:\/\/hilalelektronikk.com\/index.php?rest_route=\/wp\/v2\/product\/893","targetHints":{"allow":["GET"]}}],"collection":[{"href":"https:\/\/hilalelektronikk.com\/index.php?rest_route=\/wp\/v2\/product"}],"about":[{"href":"https:\/\/hilalelektronikk.com\/index.php?rest_route=\/wp\/v2\/types\/product"}],"wp:featuredmedia":[{"embeddable":true,"href":"https:\/\/hilalelektronikk.com\/index.php?rest_route=\/wp\/v2\/media\/894"}],"wp:attachment":[{"href":"https:\/\/hilalelektronikk.com\/index.php?rest_route=%2Fwp%2Fv2%2Fmedia&parent=893"}],"wp:term":[{"taxonomy":"product_brand","embeddable":true,"href":"https:\/\/hilalelektronikk.com\/index.php?rest_route=%2Fwp%2Fv2%2Fproduct_brand&post=893"},{"taxonomy":"product_cat","embeddable":true,"href":"https:\/\/hilalelektronikk.com\/index.php?rest_route=%2Fwp%2Fv2%2Fproduct_cat&post=893"},{"taxonomy":"product_tag","embeddable":true,"href":"https:\/\/hilalelektronikk.com\/index.php?rest_route=%2Fwp%2Fv2%2Fproduct_tag&post=893"}],"curies":[{"name":"wp","href":"https:\/\/api.w.org\/{rel}","templated":true}]}}