{"id":928,"date":"2020-02-28T13:49:36","date_gmt":"2020-02-28T10:49:36","guid":{"rendered":"http:\/\/hilalelektronikk.com\/?post_type=product&#038;p=928"},"modified":"2022-12-03T12:22:16","modified_gmt":"2022-12-03T09:22:16","slug":"3122-133-32806plcd-190-p1312213332806-philips-32","status":"publish","type":"product","link":"https:\/\/hilalelektronikk.com\/?product=3122-133-32806plcd-190-p1312213332806-philips-32","title":{"rendered":"3122 133 32806,PLCD 190 P1,312213332806, PH\u0130L\u0130PS 32&#8242;"},"content":{"rendered":"<p>3122 133 32806,PLCD 190 P1,312213332806, PH\u0130L\u0130PS 32&#8242;<\/p>\n","protected":false},"excerpt":{"rendered":"<p>3122 133 32806,PLCD 190 P1,312213332806, PH\u0130L\u0130PS 32&#8242;<\/p>\n","protected":false},"featured_media":929,"template":"","meta":[],"product_brand":[],"product_cat":[122],"product_tag":[799,801,802,800],"class_list":{"0":"post-928","1":"product","2":"type-product","3":"status-publish","4":"has-post-thumbnail","6":"product_cat-philips-power-board","7":"product_tag-3122-133-32806","8":"product_tag-801","9":"product_tag-philips-32","10":"product_tag-plcd-190-p1","12":"first","13":"outofstock","14":"shipping-taxable","15":"purchasable","16":"product-type-simple"},"_links":{"self":[{"href":"https:\/\/hilalelektronikk.com\/index.php?rest_route=\/wp\/v2\/product\/928","targetHints":{"allow":["GET"]}}],"collection":[{"href":"https:\/\/hilalelektronikk.com\/index.php?rest_route=\/wp\/v2\/product"}],"about":[{"href":"https:\/\/hilalelektronikk.com\/index.php?rest_route=\/wp\/v2\/types\/product"}],"wp:featuredmedia":[{"embeddable":true,"href":"https:\/\/hilalelektronikk.com\/index.php?rest_route=\/wp\/v2\/media\/929"}],"wp:attachment":[{"href":"https:\/\/hilalelektronikk.com\/index.php?rest_route=%2Fwp%2Fv2%2Fmedia&parent=928"}],"wp:term":[{"taxonomy":"product_brand","embeddable":true,"href":"https:\/\/hilalelektronikk.com\/index.php?rest_route=%2Fwp%2Fv2%2Fproduct_brand&post=928"},{"taxonomy":"product_cat","embeddable":true,"href":"https:\/\/hilalelektronikk.com\/index.php?rest_route=%2Fwp%2Fv2%2Fproduct_cat&post=928"},{"taxonomy":"product_tag","embeddable":true,"href":"https:\/\/hilalelektronikk.com\/index.php?rest_route=%2Fwp%2Fv2%2Fproduct_tag&post=928"}],"curies":[{"name":"wp","href":"https:\/\/api.w.org\/{rel}","templated":true}]}}