{"id":965,"date":"2020-02-29T19:11:30","date_gmt":"2020-02-29T16:11:30","guid":{"rendered":"http:\/\/hilalelektronikk.com\/?post_type=product&#038;p=965"},"modified":"2024-03-17T12:43:29","modified_gmt":"2024-03-17T09:43:29","slug":"pcpf0085-aax30364901mpf7419-pcpf0085-65b-philips-plazma","status":"publish","type":"product","link":"https:\/\/hilalelektronikk.com\/?product=pcpf0085-aax30364901mpf7419-pcpf0085-65b-philips-plazma","title":{"rendered":"PCPF0085, AAX30364901,MPF7419, PCPF0085 65B, PH\u0130L\u0130PS PLAZMA,AAX30364901 MPF7419 PCPF0085 65B PHILIPS PLAZMA POWER BOARD , MPF7435"},"content":{"rendered":"<p>PCPF0085, AAX30364901,MPF7419, PCPF0085 65B, PH\u0130L\u0130PS PLAZMA,PCPF0085, AAX30364901,MPF7419, PCPF0085 65B, PH\u0130L\u0130PS PLAZMA,AAX30364901 MPF7419 PCPF0085 65B PHILIPS PLAZMA POWER BOARD , MPF7435<\/p>\n","protected":false},"excerpt":{"rendered":"<p>PCPF0085, AAX30364901,MPF7419, PCPF0085 65B, PH\u0130L\u0130PS PLAZMA,PCPF0085, AAX30364901,MPF7419, PCPF0085 65B, PH\u0130L\u0130PS PLAZMA,AAX30364901 MPF7419 PCPF0085 65B PHILIPS PLAZMA POWER BOARD , MPF7435<\/p>\n","protected":false},"featured_media":966,"template":"","meta":[],"product_brand":[],"product_cat":[122],"product_tag":[3541,862,3543,1731,3542,863,902,861,864,903,904,1331],"class_list":{"0":"post-965","1":"product","2":"type-product","3":"status-publish","4":"has-post-thumbnail","6":"product_cat-philips-power-board","7":"product_tag-42v7","8":"product_tag-aax30364901","9":"product_tag-aax30364901-mpf7419-pcpf0085-65b-philips-plazma-power-board","10":"product_tag-lg-display","11":"product_tag-lg-pdp42v7s462","12":"product_tag-mpf7419","13":"product_tag-mpf7435","14":"product_tag-pcpf0085","15":"product_tag-pcpf0085-65b","16":"product_tag-pcpf0150","17":"product_tag-pcpf0150-67c","18":"product_tag-power-board","20":"first","21":"outofstock","22":"shipping-taxable","23":"purchasable","24":"product-type-simple"},"_links":{"self":[{"href":"https:\/\/hilalelektronikk.com\/index.php?rest_route=\/wp\/v2\/product\/965","targetHints":{"allow":["GET"]}}],"collection":[{"href":"https:\/\/hilalelektronikk.com\/index.php?rest_route=\/wp\/v2\/product"}],"about":[{"href":"https:\/\/hilalelektronikk.com\/index.php?rest_route=\/wp\/v2\/types\/product"}],"wp:featuredmedia":[{"embeddable":true,"href":"https:\/\/hilalelektronikk.com\/index.php?rest_route=\/wp\/v2\/media\/966"}],"wp:attachment":[{"href":"https:\/\/hilalelektronikk.com\/index.php?rest_route=%2Fwp%2Fv2%2Fmedia&parent=965"}],"wp:term":[{"taxonomy":"product_brand","embeddable":true,"href":"https:\/\/hilalelektronikk.com\/index.php?rest_route=%2Fwp%2Fv2%2Fproduct_brand&post=965"},{"taxonomy":"product_cat","embeddable":true,"href":"https:\/\/hilalelektronikk.com\/index.php?rest_route=%2Fwp%2Fv2%2Fproduct_cat&post=965"},{"taxonomy":"product_tag","embeddable":true,"href":"https:\/\/hilalelektronikk.com\/index.php?rest_route=%2Fwp%2Fv2%2Fproduct_tag&post=965"}],"curies":[{"name":"wp","href":"https:\/\/api.w.org\/{rel}","templated":true}]}}